{"id":13200,"date":"2022-10-24T09:41:14","date_gmt":"2022-10-24T07:41:14","guid":{"rendered":"https:\/\/www.rector.fr\/leader-de-la-prefrabrication-de-planchers-et-structure-pour-le-batiment\/"},"modified":"2024-10-08T09:43:27","modified_gmt":"2024-10-08T07:43:27","slug":"leader-de-la-prefrabrication-de-planchers-et-structure-pour-le-batiment","status":"publish","type":"page","link":"https:\/\/www.rector.fr\/en\/","title":{"rendered":"Inspiring leader in low-carbon solutions for the building industry"},"content":{"rendered":"<div class=\"wp-post-content\"><!-- zone:zn_text_img [2] --><\/p>\n<h2>Discover our solutions<\/h2>\n<p>We design, manufacture and market floor and frame products and systems for buildings. Today, we are able to offer you a complete range of eco-designed solutions capable of meeting your technical challenges while reducing the carbon impact of your projects.<\/p>\n<p><a href=\"https:\/\/www.rector.fr\/systemes\/\" target=\"_blank\" rel=\"noopener\">See all our systems<\/a><\/p>\n<p><!-- \/zone:zn_text_img [2] --><br \/>\n<!-- zone:zn_text [3] --><\/p>\n<h2><strong>Choose your project type!<\/strong><\/h2>\n<h3 style=\"text-align: center;\">Single-family home<\/h3>\n<p><img loading=\"lazy\" decoding=\"async\" class=\"alignnone size-medium wp-image-13441 aligncenter\" src=\"https:\/\/www.rector.fr\/wp-inside\/uploads\/2024\/03\/maison-mi-480x319.jpg\" alt=\"Single-family house project\" width=\"480\" height=\"319\" srcset=\"https:\/\/www.rector.fr\/wp-inside\/uploads\/2024\/03\/maison-mi-480x319.jpg 480w, https:\/\/www.rector.fr\/wp-inside\/uploads\/2024\/03\/maison-mi-1024x680.jpg 1024w, https:\/\/www.rector.fr\/wp-inside\/uploads\/2024\/03\/maison-mi-768x510.jpg 768w, https:\/\/www.rector.fr\/wp-inside\/uploads\/2024\/03\/maison-mi-1920x1275.jpg 1920w, https:\/\/www.rector.fr\/wp-inside\/uploads\/2024\/03\/maison-mi.jpg 2000w\" sizes=\"auto, (max-width: 480px) 100vw, 480px\" \/><br \/>\nPrivileged partner of Individual Home Builders and leader in this market for nearly 70 years, Rector offers the most comprehensive range of prefabricated solutions : our innovative systems optimise the house from the substructure to the terrace roofs.<br \/>\nThanks to the relevance of its prefabricated systems, Rector is responding to the three main challenges of sustainable construction :<\/p>\n<ul>\n<li>Insulation and treatment of thermal bridges for each level of the house<\/li>\n<li>Reduction of the carbon footprint<\/li>\n<li>Taking into account summer comfort<\/li>\n<\/ul>\n<h3 style=\"text-align: center;\">Collective houses project<\/h3>\n<p><img loading=\"lazy\" decoding=\"async\" class=\"size-medium wp-image-13443 alignnone\" src=\"https:\/\/www.rector.fr\/wp-inside\/uploads\/2024\/03\/hr-5108-480x320.jpg\" alt=\"collective houses project\" width=\"480\" height=\"320\" srcset=\"https:\/\/www.rector.fr\/wp-inside\/uploads\/2024\/03\/hr-5108-480x320.jpg 480w, https:\/\/www.rector.fr\/wp-inside\/uploads\/2024\/03\/hr-5108-1024x682.jpg 1024w, https:\/\/www.rector.fr\/wp-inside\/uploads\/2024\/03\/hr-5108-768x512.jpg 768w, https:\/\/www.rector.fr\/wp-inside\/uploads\/2024\/03\/hr-5108-1920x1280.jpg 1920w, https:\/\/www.rector.fr\/wp-inside\/uploads\/2024\/03\/hr-5108.jpg 2000w\" sizes=\"auto, (max-width: 480px) 100vw, 480px\" \/><br \/>\nOur range of products including beams, precast slabs and walls can be used in all types of buildings including residential, commercial, government, office, retail , healthcare and education buildings.<br \/>\nThe highly automated production process of its 15 factories which benefit from cutting-edge industrial technology and the integrated design offices allow Rector to provide efficient responses to structural, qualitative and environmental challenges of each of your projects.<\/p>\n<p>All of our products and solutions are designed in an eco-responsible manner in order to reduce the carbon footprint and the completion time of the works on which they are installed.<\/p>\n<h3 style=\"text-align: center;\">Concrete framework building site<\/h3>\n<p><img loading=\"lazy\" decoding=\"async\" class=\"alignnone size-medium wp-image-13439 aligncenter\" src=\"https:\/\/www.rector.fr\/wp-inside\/uploads\/2024\/03\/charpente-pose-chantier-illiers-combray-2-480x309.jpg\" alt=\"concrete framework building site\" width=\"480\" height=\"309\" srcset=\"https:\/\/www.rector.fr\/wp-inside\/uploads\/2024\/03\/charpente-pose-chantier-illiers-combray-2-480x309.jpg 480w, https:\/\/www.rector.fr\/wp-inside\/uploads\/2024\/03\/charpente-pose-chantier-illiers-combray-2-768x494.jpg 768w, https:\/\/www.rector.fr\/wp-inside\/uploads\/2024\/03\/charpente-pose-chantier-illiers-combray-2.jpg 1024w\" sizes=\"auto, (max-width: 480px) 100vw, 480px\" \/><br \/>\nRector concrete frame components are intended for the creation of frameworks of works by assembling the elements together, to other prefabricated elements or even to cast on site. Rector concrete frame components are an ideal response to the requirements of fire stability. The incombustible nature of the concrete material (MO), its low speed overheating make it by nature a particularly effective protection regarding fire safety.<br \/>\nThe targeted field of employment concerns more particularly industrial type buildings, on one level, including the possible presence of a mezzanine (notably industrial halls, warehouses, hypermarkets, etc.) essentially composed of a set of associated poles to a roof beam.<\/p>\n<p>\t\t\t<!-- \/zone:zn_text [3] --><br \/>\n<!-- zone:zn_pagebanner [7] --><\/p>\n<p>Industrial specialist in the prefabrication of prestressed concrete and reinforced concrete floor elements, walls and structural elements, we design, manufacture and market systems and products intended for building professionals. Created in 1953, today there are nearly 7 million people \u201ccarried\u201d by Rector manufacturing floors. Aware of the environmental, social and societal challenges that we all face, we put CSR (Corporate Social Responsibility) at the heart of our strategy to provide innovative, sustainable and long-term solutions to our customers. Our goal is to create sustainable value for generations to come.<\/p>\n<p>\t<!-- \/zone:zn_pagebanner [7] -->\n<\/div>\n","protected":false},"excerpt":{"rendered":"<p>Discover our solutions We design, manufacture and market floor and frame products and systems for buildings. Today, we are able to offer you a complete range of eco-designed solutions capable [&hellip;]<\/p>\n","protected":false},"author":14,"featured_media":0,"parent":0,"menu_order":0,"comment_status":"closed","ping_status":"closed","template":"","meta":{"_acf_changed":false,"_relevanssi_hide_post":"","_relevanssi_hide_content":"","_relevanssi_pin_for_all":"","_relevanssi_pin_keywords":"","_relevanssi_unpin_keywords":"","_relevanssi_related_keywords":"","_relevanssi_related_include_ids":"","_relevanssi_related_exclude_ids":"","_relevanssi_related_no_append":"","_relevanssi_related_not_related":"","_relevanssi_related_posts":"","_relevanssi_noindex_reason":"","footnotes":""},"skp_appearance":[],"class_list":["post-13200","page","type-page","status-publish","hentry","wp-sticky"],"acf":[],"yoast_head":"<!-- This site is optimized with the Yoast SEO plugin v27.5 - https:\/\/yoast.com\/product\/yoast-seo-wordpress\/ -->\n<title>Pr\u00e9fabrication b\u00e9ton, Fabricant construction b\u00e9ton pr\u00e9contraint | Rector<\/title>\n<meta name=\"description\" content=\"Fabrication, distribution d&#039;\u00e9l\u00e9ments de construction en b\u00e9ton pr\u00e9contraint ou arm\u00e9 : poutrelles, pr\u00e9dalles, pr\u00e9murs, vide sanitaire, dalles de plancher, hourdis.\" \/>\n<meta name=\"robots\" content=\"index, follow, max-snippet:-1, max-image-preview:large, max-video-preview:-1\" \/>\n<link rel=\"canonical\" href=\"https:\/\/www.rector.fr\/en\/\" \/>\n<meta property=\"og:locale\" content=\"en_US\" \/>\n<meta property=\"og:type\" content=\"article\" \/>\n<meta property=\"og:title\" content=\"Pr\u00e9fabrication b\u00e9ton, Fabricant construction b\u00e9ton pr\u00e9contraint | Rector\" \/>\n<meta property=\"og:description\" content=\"Fabrication, distribution d&#039;\u00e9l\u00e9ments de construction en b\u00e9ton pr\u00e9contraint ou arm\u00e9 : poutrelles, pr\u00e9dalles, pr\u00e9murs, vide sanitaire, dalles de plancher, hourdis.\" \/>\n<meta property=\"og:url\" content=\"https:\/\/www.rector.fr\/en\/\" \/>\n<meta property=\"og:site_name\" content=\"Rector\" \/>\n<meta property=\"article:modified_time\" content=\"2024-10-08T07:43:27+00:00\" \/>\n<meta property=\"og:image\" content=\"https:\/\/www.rector.fr\/wp-inside\/uploads\/2024\/03\/maison-mi-480x319.jpg\" \/>\n<meta name=\"twitter:card\" content=\"summary_large_image\" \/>\n<script type=\"application\/ld+json\" class=\"yoast-schema-graph\">{\"@context\":\"https:\\\/\\\/schema.org\",\"@graph\":[{\"@type\":\"WebPage\",\"@id\":\"https:\\\/\\\/www.rector.fr\\\/en\\\/\",\"url\":\"https:\\\/\\\/www.rector.fr\\\/en\\\/\",\"name\":\"Pr\u00e9fabrication b\u00e9ton, Fabricant construction b\u00e9ton pr\u00e9contraint\",\"isPartOf\":{\"@id\":\"https:\\\/\\\/www.rector.fr\\\/en\\\/#website\"},\"primaryImageOfPage\":{\"@id\":\"https:\\\/\\\/www.rector.fr\\\/en\\\/#primaryimage\"},\"image\":{\"@id\":\"https:\\\/\\\/www.rector.fr\\\/en\\\/#primaryimage\"},\"thumbnailUrl\":\"https:\\\/\\\/www.rector.fr\\\/wp-inside\\\/uploads\\\/2024\\\/03\\\/maison-mi-480x319.jpg\",\"datePublished\":\"2022-10-24T07:41:14+00:00\",\"dateModified\":\"2024-10-08T07:43:27+00:00\",\"description\":\"Fabrication, distribution d'\u00e9l\u00e9ments de construction en b\u00e9ton pr\u00e9contraint ou arm\u00e9 : poutrelles, pr\u00e9dalles, pr\u00e9murs, vide sanitaire, dalles de plancher, hourdis.\",\"breadcrumb\":{\"@id\":\"https:\\\/\\\/www.rector.fr\\\/en\\\/#breadcrumb\"},\"inLanguage\":\"en-US\",\"potentialAction\":[{\"@type\":\"ReadAction\",\"target\":[\"https:\\\/\\\/www.rector.fr\\\/en\\\/\"]}]},{\"@type\":\"ImageObject\",\"inLanguage\":\"en-US\",\"@id\":\"https:\\\/\\\/www.rector.fr\\\/en\\\/#primaryimage\",\"url\":\"https:\\\/\\\/www.rector.fr\\\/wp-inside\\\/uploads\\\/2024\\\/03\\\/maison-mi-480x319.jpg\",\"contentUrl\":\"https:\\\/\\\/www.rector.fr\\\/wp-inside\\\/uploads\\\/2024\\\/03\\\/maison-mi-480x319.jpg\"},{\"@type\":\"BreadcrumbList\",\"@id\":\"https:\\\/\\\/www.rector.fr\\\/en\\\/#breadcrumb\",\"itemListElement\":[{\"@type\":\"ListItem\",\"position\":1,\"name\":\"Home\",\"item\":\"https:\\\/\\\/www.rector.fr\\\/en\\\/\"},{\"@type\":\"ListItem\",\"position\":2,\"name\":\"Inspiring leader in low-carbon solutions for the building industry\"}]},{\"@type\":\"WebSite\",\"@id\":\"https:\\\/\\\/www.rector.fr\\\/en\\\/#website\",\"url\":\"https:\\\/\\\/www.rector.fr\\\/en\\\/\",\"name\":\"Rector\",\"description\":\"Mieux construire ensemble\",\"publisher\":{\"@id\":\"https:\\\/\\\/www.rector.fr\\\/en\\\/#organization\"},\"potentialAction\":[{\"@type\":\"SearchAction\",\"target\":{\"@type\":\"EntryPoint\",\"urlTemplate\":\"https:\\\/\\\/www.rector.fr\\\/en\\\/?s={search_term_string}\"},\"query-input\":{\"@type\":\"PropertyValueSpecification\",\"valueRequired\":true,\"valueName\":\"search_term_string\"}}],\"inLanguage\":\"en-US\"},{\"@type\":\"Organization\",\"@id\":\"https:\\\/\\\/www.rector.fr\\\/en\\\/#organization\",\"name\":\"Rector\",\"url\":\"https:\\\/\\\/www.rector.fr\\\/en\\\/\",\"logo\":{\"@type\":\"ImageObject\",\"inLanguage\":\"en-US\",\"@id\":\"https:\\\/\\\/www.rector.fr\\\/en\\\/#\\\/schema\\\/logo\\\/image\\\/\",\"url\":\"https:\\\/\\\/www.rector.fr\\\/wp-inside\\\/uploads\\\/2025\\\/03\\\/rector20_baselinedessous_rvb.png\",\"contentUrl\":\"https:\\\/\\\/www.rector.fr\\\/wp-inside\\\/uploads\\\/2025\\\/03\\\/rector20_baselinedessous_rvb.png\",\"width\":920,\"height\":518,\"caption\":\"Rector\"},\"image\":{\"@id\":\"https:\\\/\\\/www.rector.fr\\\/en\\\/#\\\/schema\\\/logo\\\/image\\\/\"},\"sameAs\":[\"https:\\\/\\\/www.linkedin.com\\\/company\\\/rector-lesage\\\/\",\"https:\\\/\\\/www.youtube.com\\\/c\\\/rector\"]}]}<\/script>\n<!-- \/ Yoast SEO plugin. -->","yoast_head_json":{"title":"Pr\u00e9fabrication b\u00e9ton, Fabricant construction b\u00e9ton pr\u00e9contraint | Rector","description":"Fabrication, distribution d'\u00e9l\u00e9ments de construction en b\u00e9ton pr\u00e9contraint ou arm\u00e9 : poutrelles, pr\u00e9dalles, pr\u00e9murs, vide sanitaire, dalles de plancher, hourdis.","robots":{"index":"index","follow":"follow","max-snippet":"max-snippet:-1","max-image-preview":"max-image-preview:large","max-video-preview":"max-video-preview:-1"},"canonical":"https:\/\/www.rector.fr\/en\/","og_locale":"en_US","og_type":"article","og_title":"Pr\u00e9fabrication b\u00e9ton, Fabricant construction b\u00e9ton pr\u00e9contraint | Rector","og_description":"Fabrication, distribution d'\u00e9l\u00e9ments de construction en b\u00e9ton pr\u00e9contraint ou arm\u00e9 : poutrelles, pr\u00e9dalles, pr\u00e9murs, vide sanitaire, dalles de plancher, hourdis.","og_url":"https:\/\/www.rector.fr\/en\/","og_site_name":"Rector","article_modified_time":"2024-10-08T07:43:27+00:00","og_image":[{"url":"https:\/\/www.rector.fr\/wp-inside\/uploads\/2024\/03\/maison-mi-480x319.jpg","type":"","width":"","height":""}],"twitter_card":"summary_large_image","schema":{"@context":"https:\/\/schema.org","@graph":[{"@type":"WebPage","@id":"https:\/\/www.rector.fr\/en\/","url":"https:\/\/www.rector.fr\/en\/","name":"Pr\u00e9fabrication b\u00e9ton, Fabricant construction b\u00e9ton pr\u00e9contraint","isPartOf":{"@id":"https:\/\/www.rector.fr\/en\/#website"},"primaryImageOfPage":{"@id":"https:\/\/www.rector.fr\/en\/#primaryimage"},"image":{"@id":"https:\/\/www.rector.fr\/en\/#primaryimage"},"thumbnailUrl":"https:\/\/www.rector.fr\/wp-inside\/uploads\/2024\/03\/maison-mi-480x319.jpg","datePublished":"2022-10-24T07:41:14+00:00","dateModified":"2024-10-08T07:43:27+00:00","description":"Fabrication, distribution d'\u00e9l\u00e9ments de construction en b\u00e9ton pr\u00e9contraint ou arm\u00e9 : poutrelles, pr\u00e9dalles, pr\u00e9murs, vide sanitaire, dalles de plancher, hourdis.","breadcrumb":{"@id":"https:\/\/www.rector.fr\/en\/#breadcrumb"},"inLanguage":"en-US","potentialAction":[{"@type":"ReadAction","target":["https:\/\/www.rector.fr\/en\/"]}]},{"@type":"ImageObject","inLanguage":"en-US","@id":"https:\/\/www.rector.fr\/en\/#primaryimage","url":"https:\/\/www.rector.fr\/wp-inside\/uploads\/2024\/03\/maison-mi-480x319.jpg","contentUrl":"https:\/\/www.rector.fr\/wp-inside\/uploads\/2024\/03\/maison-mi-480x319.jpg"},{"@type":"BreadcrumbList","@id":"https:\/\/www.rector.fr\/en\/#breadcrumb","itemListElement":[{"@type":"ListItem","position":1,"name":"Home","item":"https:\/\/www.rector.fr\/en\/"},{"@type":"ListItem","position":2,"name":"Inspiring leader in low-carbon solutions for the building industry"}]},{"@type":"WebSite","@id":"https:\/\/www.rector.fr\/en\/#website","url":"https:\/\/www.rector.fr\/en\/","name":"Rector","description":"Mieux construire ensemble","publisher":{"@id":"https:\/\/www.rector.fr\/en\/#organization"},"potentialAction":[{"@type":"SearchAction","target":{"@type":"EntryPoint","urlTemplate":"https:\/\/www.rector.fr\/en\/?s={search_term_string}"},"query-input":{"@type":"PropertyValueSpecification","valueRequired":true,"valueName":"search_term_string"}}],"inLanguage":"en-US"},{"@type":"Organization","@id":"https:\/\/www.rector.fr\/en\/#organization","name":"Rector","url":"https:\/\/www.rector.fr\/en\/","logo":{"@type":"ImageObject","inLanguage":"en-US","@id":"https:\/\/www.rector.fr\/en\/#\/schema\/logo\/image\/","url":"https:\/\/www.rector.fr\/wp-inside\/uploads\/2025\/03\/rector20_baselinedessous_rvb.png","contentUrl":"https:\/\/www.rector.fr\/wp-inside\/uploads\/2025\/03\/rector20_baselinedessous_rvb.png","width":920,"height":518,"caption":"Rector"},"image":{"@id":"https:\/\/www.rector.fr\/en\/#\/schema\/logo\/image\/"},"sameAs":["https:\/\/www.linkedin.com\/company\/rector-lesage\/","https:\/\/www.youtube.com\/c\/rector"]}]}},"_links":{"self":[{"href":"https:\/\/www.rector.fr\/en\/wp-json\/wp\/v2\/pages\/13200","targetHints":{"allow":["GET"]}}],"collection":[{"href":"https:\/\/www.rector.fr\/en\/wp-json\/wp\/v2\/pages"}],"about":[{"href":"https:\/\/www.rector.fr\/en\/wp-json\/wp\/v2\/types\/page"}],"author":[{"embeddable":true,"href":"https:\/\/www.rector.fr\/en\/wp-json\/wp\/v2\/users\/14"}],"replies":[{"embeddable":true,"href":"https:\/\/www.rector.fr\/en\/wp-json\/wp\/v2\/comments?post=13200"}],"version-history":[{"count":30,"href":"https:\/\/www.rector.fr\/en\/wp-json\/wp\/v2\/pages\/13200\/revisions"}],"predecessor-version":[{"id":14242,"href":"https:\/\/www.rector.fr\/en\/wp-json\/wp\/v2\/pages\/13200\/revisions\/14242"}],"wp:attachment":[{"href":"https:\/\/www.rector.fr\/en\/wp-json\/wp\/v2\/media?parent=13200"}],"wp:term":[{"taxonomy":"skp_appearance","embeddable":true,"href":"https:\/\/www.rector.fr\/en\/wp-json\/wp\/v2\/skp_appearance?post=13200"}],"curies":[{"name":"wp","href":"https:\/\/api.w.org\/{rel}","templated":true}]}}